{"id":97,"date":"2017-10-14T17:20:32","date_gmt":"2017-10-14T15:20:32","guid":{"rendered":"http:\/\/taramuni.eu\/?page_id=97"},"modified":"2023-04-20T10:19:19","modified_gmt":"2023-04-20T08:19:19","slug":"meditationseminare","status":"publish","type":"page","link":"https:\/\/taramuni.eu\/?page_id=97","title":{"rendered":"Meditation\/Seminare"},"content":{"rendered":"\n<p class=\"has-normal-font-size\">Derzeit (2023) ist kein Kurs bzw. Retreat geplant.<br>Angedacht sind allerdings regelm\u00e4\u00dfige Meditationsabende in der Ramsau am Dachstein oder Umgebung zur Erlangung eines gl\u00fccklicheren und freieren Lebens. Bei Interesse gerne melden.<\/p>\n\n\n\n<ul><\/ul>\n\n\n\n<hr class=\"wp-block-separator has-alpha-channel-opacity\"\/>\n\n\n\n<p><strong><em>Archiv:<\/em><\/strong><\/p>\n\n\n\n<p>2018: <strong><a href=\"http:\/\/taramuni.eu\/wp-content\/uploads\/2017\/10\/Auszeitkurs-Taiji-meets-Buddhismus.pdf\">Auszeitkurs Taiji meets Buddhismus<\/a><\/strong> vom 02. &#8211; 08.04.2018<br>2017: <a href=\"http:\/\/taramuni.eu\/wp-content\/uploads\/2017\/04\/Auszeitkurs-Buddhismus-entdecken-II.pdf\">Meditationskurs <strong>&#8222;Buddhismus entdecken&#8220;<\/strong><\/a>&nbsp;vom 01. &#8211; 07.10.2017<\/p>\n","protected":false},"excerpt":{"rendered":"<p>Derzeit (2023) ist kein Kurs bzw. Retreat geplant.Angedacht sind allerdings regelm\u00e4\u00dfige Meditationsabende in der Ramsau am Dachstein oder Umgebung zur Erlangung eines gl\u00fccklicheren und freieren Lebens. Bei Interesse gerne melden. Archiv: 2018: Auszeitkurs Taiji meets Buddhismus vom 02. &#8211; 08.04.20182017: Meditationskurs &#8222;Buddhismus entdecken&#8220;&nbsp;vom 01. &#8211; 07.10.2017<\/p>\n","protected":false},"author":2,"featured_media":209,"parent":0,"menu_order":10,"comment_status":"closed","ping_status":"closed","template":"","meta":[],"_links":{"self":[{"href":"https:\/\/taramuni.eu\/index.php?rest_route=\/wp\/v2\/pages\/97"}],"collection":[{"href":"https:\/\/taramuni.eu\/index.php?rest_route=\/wp\/v2\/pages"}],"about":[{"href":"https:\/\/taramuni.eu\/index.php?rest_route=\/wp\/v2\/types\/page"}],"author":[{"embeddable":true,"href":"https:\/\/taramuni.eu\/index.php?rest_route=\/wp\/v2\/users\/2"}],"replies":[{"embeddable":true,"href":"https:\/\/taramuni.eu\/index.php?rest_route=%2Fwp%2Fv2%2Fcomments&post=97"}],"version-history":[{"count":19,"href":"https:\/\/taramuni.eu\/index.php?rest_route=\/wp\/v2\/pages\/97\/revisions"}],"predecessor-version":[{"id":211,"href":"https:\/\/taramuni.eu\/index.php?rest_route=\/wp\/v2\/pages\/97\/revisions\/211"}],"wp:featuredmedia":[{"embeddable":true,"href":"https:\/\/taramuni.eu\/index.php?rest_route=\/wp\/v2\/media\/209"}],"wp:attachment":[{"href":"https:\/\/taramuni.eu\/index.php?rest_route=%2Fwp%2Fv2%2Fmedia&parent=97"}],"curies":[{"name":"wp","href":"https:\/\/api.w.org\/{rel}","templated":true}]}}